{"id":98,"date":"2025-06-06T00:08:18","date_gmt":"2025-06-06T00:08:18","guid":{"rendered":"https:\/\/sabor-a-mi.digital-bussines.com\/?page_id=98"},"modified":"2025-06-06T00:08:18","modified_gmt":"2025-06-06T00:08:18","slug":"politica-del-uso-de-cookies","status":"publish","type":"page","link":"https:\/\/sabor-a-mi.digital-bussines.com\/index.php\/politica-del-uso-de-cookies\/","title":{"rendered":"Pol\u00edtica del uso de cookies"},"content":{"rendered":"\n<p>En Sabor a Mi nos gusta que nuestros usuarios se sientan seguros, por eso<br>queremos informarle de manera transparente sobre el uso de cookies en nuestro<br>sitio web.<br>Las cookies son peque\u00f1os archivos que se instalan en su dispositivo y nos ayudan<br>a brindarle una experiencia mejorada mientras navega por nuestro sitio.<\/p>\n\n\n\n<h2 class=\"wp-block-heading\">\u00bfQu\u00e9 tipo de informaci\u00f3n recolectamos?<\/h2>\n\n\n\n<p>Recolectamos datos relacionados \u00fanicamente con su actividad electr\u00f3nica, lo que<br>nos permite conocer sus preferencias seg\u00fan la interacci\u00f3n que tiene con nuestra<br>p\u00e1gina.<\/p>\n\n\n\n<h2 class=\"wp-block-heading\">Cookies que utilizamos:<\/h2>\n\n\n\n<p>Cookies t\u00e9cnicas:<br>Son necesarias para el correcto funcionamiento de la p\u00e1gina. Recolectan<br>informaci\u00f3n como su inicio de sesi\u00f3n, preferencias del aviso de privacidad o el<br>relleno de formularios. No se recomienda desactivarlas, ya que podr\u00edan afectar el<br>uso del sitio.<br>Cookies anal\u00edticas:<br>Nos permiten conocer su actividad dentro de la web durante un periodo<br>determinado. Se utilizan para medir y analizar el uso que se hace de nuestro sitio<br>con el fin de mejorarlo.<br>Cookies de publicidad:<br>Estas cookies nos ayudan a mostrar anuncios m\u00e1s relevantes para usted en otros<br>sitios web, basados en sus intereses y navegaci\u00f3n.<\/p>\n\n\n\n<h2 class=\"wp-block-heading\">\u00bfPuede desactivarlas?<\/h2>\n\n\n\n<p>Claro. Usted puede aceptar, rechazar o configurar el uso de cookies en cualquier<br>momento desde las configuraciones de su navegador o mediante las preferencias<br>disponibles en nuestro sitio web.<br>Si decide rechazar ciertas cookies, es posible que algunas funciones de nuestro<br>sitio no est\u00e9n disponibles o no funcionen correctamente.<\/p>\n\n\n\n<p><\/p>\n","protected":false},"excerpt":{"rendered":"<p>En Sabor a Mi nos gusta que nuestros usuarios se sientan seguros, por esoqueremos informarle de manera transparente sobre el uso de cookies en nuestrositio web.Las cookies son peque\u00f1os archivos [&hellip;]<\/p>\n","protected":false},"author":1,"featured_media":0,"parent":0,"menu_order":0,"comment_status":"closed","ping_status":"closed","template":"","meta":{"footnotes":""},"class_list":["post-98","page","type-page","status-publish","hentry"],"_links":{"self":[{"href":"https:\/\/sabor-a-mi.digital-bussines.com\/index.php\/wp-json\/wp\/v2\/pages\/98","targetHints":{"allow":["GET"]}}],"collection":[{"href":"https:\/\/sabor-a-mi.digital-bussines.com\/index.php\/wp-json\/wp\/v2\/pages"}],"about":[{"href":"https:\/\/sabor-a-mi.digital-bussines.com\/index.php\/wp-json\/wp\/v2\/types\/page"}],"author":[{"embeddable":true,"href":"https:\/\/sabor-a-mi.digital-bussines.com\/index.php\/wp-json\/wp\/v2\/users\/1"}],"replies":[{"embeddable":true,"href":"https:\/\/sabor-a-mi.digital-bussines.com\/index.php\/wp-json\/wp\/v2\/comments?post=98"}],"version-history":[{"count":1,"href":"https:\/\/sabor-a-mi.digital-bussines.com\/index.php\/wp-json\/wp\/v2\/pages\/98\/revisions"}],"predecessor-version":[{"id":99,"href":"https:\/\/sabor-a-mi.digital-bussines.com\/index.php\/wp-json\/wp\/v2\/pages\/98\/revisions\/99"}],"wp:attachment":[{"href":"https:\/\/sabor-a-mi.digital-bussines.com\/index.php\/wp-json\/wp\/v2\/media?parent=98"}],"curies":[{"name":"wp","href":"https:\/\/api.w.org\/{rel}","templated":true}]}}