{"id":76,"date":"2025-06-05T00:35:42","date_gmt":"2025-06-05T00:35:42","guid":{"rendered":"https:\/\/sabor-a-mi.digital-bussines.com\/?page_id=76"},"modified":"2025-06-05T00:35:42","modified_gmt":"2025-06-05T00:35:42","slug":"politica-de-privacidad","status":"publish","type":"page","link":"https:\/\/sabor-a-mi.digital-bussines.com\/index.php\/politica-de-privacidad\/","title":{"rendered":"Pol\u00edtica de privacidad"},"content":{"rendered":"\n<h2 class=\"wp-block-heading\">Qui\u00e9nes somos<\/h2>\n\n\n\n<p>La direcci\u00f3n de nuestra web es: https:\/\/sabor-a-mi.digital-bussines.com.<\/p>\n\n\n\n<h2 class=\"wp-block-heading\"> <strong>\u00bfPara qu\u00e9 utilizamos sus datos?<\/strong><\/h2>\n\n\n\n<p>En Sabor a Mi nos tomamos muy en serio la protecci\u00f3n de su seguridad y<br>privacidad. Por eso, queremos explicarle de forma clara c\u00f3mo utilizamos sus datos<br>personales y para qu\u00e9 fines los recolectamos.<\/p>\n\n\n\n<p><br>Nosotros nos encargamos de:<br>Gestionar la compra de paquetes y servicios contratados.<br>Enviar informaci\u00f3n relevante sobre las reservas.<br>Atender consultas o solicitudes de informaci\u00f3n.<br>Enviar promociones o campa\u00f1as (\u00fanicamente con su consentimiento previo).<br><\/p>\n\n\n\n<h2 class=\"wp-block-heading\"> <strong>Conservaci\u00f3n de los datos<\/strong><\/h2>\n\n\n\n<p>Adem\u00e1s, nos comprometemos a proteger su informaci\u00f3n conforme a la ley. A<br>continuaci\u00f3n, le explicamos c\u00f3mo manejamos dos aspectos importantes:<br><br>Sus datos se conservar\u00e1n durante el tiempo que dure nuestra relaci\u00f3n comercial y,<br>posteriormente, se mantendr\u00e1n \u00fanicamente durante los plazos legales<br>establecidos para temas fiscales o contables.<\/p>\n\n\n\n<h2 class=\"wp-block-heading\"> <strong>Transferencia de datos.<\/strong><\/h2>\n\n\n\n<p><br>Sus datos no ser\u00e1n cedidos a terceros, excepto cuando exista una obligaci\u00f3n legal<br>o cuando sea estrictamente necesario para prestar el servicio contratado (por<br>ejemplo, al compartir datos con operadores tur\u00edsticos o restaurantes incluidos en<br>las rutas gastron\u00f3micas, quienes est\u00e1n obligados a mantener confidencialidad).<\/p>\n\n\n\n<h2 class=\"wp-block-heading\">Derechos ARCO<\/h2>\n\n\n\n<p><br>Usted tiene derecho a:<br>Acceso: Saber qu\u00e9 datos personales recolectamos y con qu\u00e9 fin.<br>Rectificaci\u00f3n: Solicitar la correcci\u00f3n de sus datos si est\u00e1n incompletos o<br>incorrectos.<br>Cancelaci\u00f3n: Pedir la eliminaci\u00f3n de sus datos de nuestra base de datos.<br>Oposici\u00f3n: Negarse al uso de sus datos para fines espec\u00edficos.<\/p>\n\n\n\n<p><\/p>\n","protected":false},"excerpt":{"rendered":"<p>Qui\u00e9nes somos La direcci\u00f3n de nuestra web es: https:\/\/sabor-a-mi.digital-bussines.com. \u00bfPara qu\u00e9 utilizamos sus datos? En Sabor a Mi nos tomamos muy en serio la protecci\u00f3n de su seguridad yprivacidad. Por [&hellip;]<\/p>\n","protected":false},"author":1,"featured_media":0,"parent":0,"menu_order":0,"comment_status":"closed","ping_status":"closed","template":"","meta":{"footnotes":""},"class_list":["post-76","page","type-page","status-publish","hentry"],"_links":{"self":[{"href":"https:\/\/sabor-a-mi.digital-bussines.com\/index.php\/wp-json\/wp\/v2\/pages\/76","targetHints":{"allow":["GET"]}}],"collection":[{"href":"https:\/\/sabor-a-mi.digital-bussines.com\/index.php\/wp-json\/wp\/v2\/pages"}],"about":[{"href":"https:\/\/sabor-a-mi.digital-bussines.com\/index.php\/wp-json\/wp\/v2\/types\/page"}],"author":[{"embeddable":true,"href":"https:\/\/sabor-a-mi.digital-bussines.com\/index.php\/wp-json\/wp\/v2\/users\/1"}],"replies":[{"embeddable":true,"href":"https:\/\/sabor-a-mi.digital-bussines.com\/index.php\/wp-json\/wp\/v2\/comments?post=76"}],"version-history":[{"count":1,"href":"https:\/\/sabor-a-mi.digital-bussines.com\/index.php\/wp-json\/wp\/v2\/pages\/76\/revisions"}],"predecessor-version":[{"id":77,"href":"https:\/\/sabor-a-mi.digital-bussines.com\/index.php\/wp-json\/wp\/v2\/pages\/76\/revisions\/77"}],"wp:attachment":[{"href":"https:\/\/sabor-a-mi.digital-bussines.com\/index.php\/wp-json\/wp\/v2\/media?parent=76"}],"curies":[{"name":"wp","href":"https:\/\/api.w.org\/{rel}","templated":true}]}}