{"id":3,"date":"2025-05-31T00:28:07","date_gmt":"2025-05-31T00:28:07","guid":{"rendered":"https:\/\/sabor-a-mi.digital-bussines.com\/?page_id=3"},"modified":"2025-06-05T00:54:21","modified_gmt":"2025-06-05T00:54:21","slug":"privacy-policy","status":"publish","type":"page","link":"https:\/\/sabor-a-mi.digital-bussines.com\/index.php\/privacy-policy\/","title":{"rendered":"Condiciones de Venta"},"content":{"rendered":"\n<p><\/p>\n\n\n\n<p>En Sabor a M\u00ed nos tomamos en serio tu experiencia y seguridad. Por eso, al<br>contratar cualquiera de nuestros paquetes o servicios, aceptas los siguientes<br>t\u00e9rminos y condiciones:<\/p>\n\n\n\n<h2 class=\"wp-block-heading\">Intermediaci\u00f3n de servicios<\/h2>\n\n\n\n<p>Sabor a M\u00ed no es el proveedor directo de los servicios gastron\u00f3micos incluidos en<br>los paquetes. Actuamos como intermediarios entre t\u00fa y los restaurantes, gu\u00edas<br>tur\u00edsticos, operadores de transporte u otros prestadores de servicios involucrados<br>en las rutas gastron\u00f3micas.<br>Cuando adquieres un paquete a trav\u00e9s de nuestra plataforma, est\u00e1s celebrando<br>un contrato directamente con cada uno de esos proveedores para la prestaci\u00f3n de<br>sus servicios espec\u00edficos. Sabor a Mi act\u00faa \u00fanicamente como gestor y<br>representante para facilitar tu compra y experiencia.<\/p>\n\n\n\n<h2 class=\"wp-block-heading\">Declaraciones del usuario<\/h2>\n\n\n\n<p>Al contratar cualquier paquete o servicio en Sabor a M\u00ed, declaras bajo protesta de<br>decir verdad que:<br> Eres mayor de edad y tienes capacidad legal para contratar.<br> Has le\u00eddo y aceptas expresamente nuestras Condiciones de Venta.<br> Est\u00e1s actuando por cuenta propia o en representaci\u00f3n de otra persona con<br>su autorizaci\u00f3n.<br>Toda la informaci\u00f3n que proporcionas es ver\u00eddica, actual y completa.<br>Aceptas el uso de medios electr\u00f3nicos para realizar contrataciones y recibir<br>comunicaciones.<\/p>\n\n\n\n<h2 class=\"wp-block-heading\">\u00bfQu\u00e9 incluye el pago?<\/h2>\n\n\n\n<p>Al reservar uno de nuestros paquetes, estar\u00e1s pagando:<br> El precio o tarifa del paquete publicado en la plataforma.<br>Los impuestos y tasas que correspondan, seg\u00fan la normativa aplicable.<br>En algunos casos, una comisi\u00f3n por gesti\u00f3n y coordinaci\u00f3n, que se te<br>informar\u00e1 claramente antes de realizar el pago.<br>Sabor a Mi distribuye estos pagos entre los distintos proveedores involucrados en<br>tu experiencia (restaurantes, gu\u00edas, transporte, etc.), de acuerdo con los servicios<br>contratados.<\/p>\n\n\n\n<h2 class=\"wp-block-heading\">Formas de pago.<\/h2>\n\n\n\n<p>Podr\u00e1s pagar con los medios disponibles que te mostraremos al momento de tu<br>compra, ya sea mediante tarjeta bancaria, transferencia, o plataformas digitales.<br>Antes de confirmar tu reserva, te indicaremos las opciones disponibles y los<br>montos exactos.<\/p>\n\n\n\n<p><\/p>\n","protected":false},"excerpt":{"rendered":"<p>En Sabor a M\u00ed nos tomamos en serio tu experiencia y seguridad. Por eso, alcontratar cualquiera de nuestros paquetes o servicios, aceptas los siguientest\u00e9rminos y condiciones: Intermediaci\u00f3n de servicios Sabor [&hellip;]<\/p>\n","protected":false},"author":1,"featured_media":0,"parent":0,"menu_order":0,"comment_status":"closed","ping_status":"open","template":"","meta":{"footnotes":""},"class_list":["post-3","page","type-page","status-publish","hentry"],"_links":{"self":[{"href":"https:\/\/sabor-a-mi.digital-bussines.com\/index.php\/wp-json\/wp\/v2\/pages\/3","targetHints":{"allow":["GET"]}}],"collection":[{"href":"https:\/\/sabor-a-mi.digital-bussines.com\/index.php\/wp-json\/wp\/v2\/pages"}],"about":[{"href":"https:\/\/sabor-a-mi.digital-bussines.com\/index.php\/wp-json\/wp\/v2\/types\/page"}],"author":[{"embeddable":true,"href":"https:\/\/sabor-a-mi.digital-bussines.com\/index.php\/wp-json\/wp\/v2\/users\/1"}],"replies":[{"embeddable":true,"href":"https:\/\/sabor-a-mi.digital-bussines.com\/index.php\/wp-json\/wp\/v2\/comments?post=3"}],"version-history":[{"count":1,"href":"https:\/\/sabor-a-mi.digital-bussines.com\/index.php\/wp-json\/wp\/v2\/pages\/3\/revisions"}],"predecessor-version":[{"id":79,"href":"https:\/\/sabor-a-mi.digital-bussines.com\/index.php\/wp-json\/wp\/v2\/pages\/3\/revisions\/79"}],"wp:attachment":[{"href":"https:\/\/sabor-a-mi.digital-bussines.com\/index.php\/wp-json\/wp\/v2\/media?parent=3"}],"curies":[{"name":"wp","href":"https:\/\/api.w.org\/{rel}","templated":true}]}}