{"id":2,"date":"2025-05-31T00:28:07","date_gmt":"2025-05-31T00:28:07","guid":{"rendered":"https:\/\/sabor-a-mi.digital-bussines.com\/?page_id=2"},"modified":"2025-06-06T01:53:17","modified_gmt":"2025-06-06T01:53:17","slug":"sample-page","status":"publish","type":"page","link":"https:\/\/sabor-a-mi.digital-bussines.com\/index.php\/sample-page\/","title":{"rendered":"Home"},"content":{"rendered":"\n<div class=\"wp-block-cover is-light\"><img loading=\"lazy\" decoding=\"async\" width=\"1024\" height=\"682\" class=\"wp-block-cover__image-background wp-image-126 size-large\" alt=\"\" src=\"https:\/\/sabor-a-mi.digital-bussines.com\/wp-content\/uploads\/2025\/06\/photo_5051342716960615905_y-3-1024x682.jpg\" data-object-fit=\"cover\" srcset=\"https:\/\/sabor-a-mi.digital-bussines.com\/wp-content\/uploads\/2025\/06\/photo_5051342716960615905_y-3-1024x682.jpg 1024w, https:\/\/sabor-a-mi.digital-bussines.com\/wp-content\/uploads\/2025\/06\/photo_5051342716960615905_y-3-300x200.jpg 300w, https:\/\/sabor-a-mi.digital-bussines.com\/wp-content\/uploads\/2025\/06\/photo_5051342716960615905_y-3-768x512.jpg 768w, https:\/\/sabor-a-mi.digital-bussines.com\/wp-content\/uploads\/2025\/06\/photo_5051342716960615905_y-3-600x400.jpg 600w, https:\/\/sabor-a-mi.digital-bussines.com\/wp-content\/uploads\/2025\/06\/photo_5051342716960615905_y-3.jpg 1280w\" sizes=\"auto, (max-width: 1024px) 100vw, 1024px\" \/><span aria-hidden=\"true\" class=\"wp-block-cover__background has-background-dim\" style=\"background-color:#969186\"><\/span><div class=\"wp-block-cover__inner-container is-layout-constrained wp-block-cover-is-layout-constrained\">\n<p class=\"has-text-align-center has-large-font-size\"><strong><em>Reserva tu tour gastron\u00f3mico ahora<\/em><\/strong><\/p>\n<\/div><\/div>\n\n\n\n<p>Descubre las mejores <strong>experiencias gastron\u00f3micas en M\u00e9xico<\/strong> con <em>Sabor a Mi<\/em>. Vive <strong>tours culinarios en Ciudad de M\u00e9xico, Oaxaca, Puebla y m\u00e1s<\/strong>. Reserva tu lugar en las <strong>Rutas del Sabor<\/strong>, donde podr\u00e1s disfrutar de <strong>comida t\u00edpica mexicana<\/strong>, cenas gourmet y experiencias \u00fanicas con chefs locales. Conoce M\u00e9xico a trav\u00e9s de su comida y d\u00e9jate sorprender.<\/p>\n\n\n\n<p><\/p>\n\n\n\n<pre class=\"wp-block-verse has-text-align-center\"><strong><em>En Sabor a M\u00ed no solo reservas una comida, vives viajes gastron\u00f3micos que conectan cultura, tradici\u00f3n y sabor.<br>Conoce M\u00e9xico a trav\u00e9s de su comida<\/em><\/strong><\/pre>\n\n\n\n<p><\/p>\n","protected":false},"excerpt":{"rendered":"<p>Descubre las mejores experiencias gastron\u00f3micas en M\u00e9xico con Sabor a Mi. Vive tours culinarios en Ciudad de M\u00e9xico, Oaxaca, Puebla y m\u00e1s. Reserva tu lugar en las Rutas del Sabor, [&hellip;]<\/p>\n","protected":false},"author":1,"featured_media":0,"parent":0,"menu_order":0,"comment_status":"closed","ping_status":"open","template":"","meta":{"footnotes":""},"class_list":["post-2","page","type-page","status-publish","hentry"],"_links":{"self":[{"href":"https:\/\/sabor-a-mi.digital-bussines.com\/index.php\/wp-json\/wp\/v2\/pages\/2","targetHints":{"allow":["GET"]}}],"collection":[{"href":"https:\/\/sabor-a-mi.digital-bussines.com\/index.php\/wp-json\/wp\/v2\/pages"}],"about":[{"href":"https:\/\/sabor-a-mi.digital-bussines.com\/index.php\/wp-json\/wp\/v2\/types\/page"}],"author":[{"embeddable":true,"href":"https:\/\/sabor-a-mi.digital-bussines.com\/index.php\/wp-json\/wp\/v2\/users\/1"}],"replies":[{"embeddable":true,"href":"https:\/\/sabor-a-mi.digital-bussines.com\/index.php\/wp-json\/wp\/v2\/comments?post=2"}],"version-history":[{"count":2,"href":"https:\/\/sabor-a-mi.digital-bussines.com\/index.php\/wp-json\/wp\/v2\/pages\/2\/revisions"}],"predecessor-version":[{"id":132,"href":"https:\/\/sabor-a-mi.digital-bussines.com\/index.php\/wp-json\/wp\/v2\/pages\/2\/revisions\/132"}],"wp:attachment":[{"href":"https:\/\/sabor-a-mi.digital-bussines.com\/index.php\/wp-json\/wp\/v2\/media?parent=2"}],"curies":[{"name":"wp","href":"https:\/\/api.w.org\/{rel}","templated":true}]}}